{"id":7876,"date":"2021-05-05T18:13:28","date_gmt":"2021-05-05T16:13:28","guid":{"rendered":"https:\/\/www.asprat.com\/modernitzacio-ascensors-barcelona\/"},"modified":"2021-06-07T09:05:30","modified_gmt":"2021-06-07T07:05:30","slug":"modernizacion-ascensores-barcelona","status":"publish","type":"page","link":"https:\/\/www.asprat.com\/es\/modernizacion-ascensores-barcelona\/","title":{"rendered":"Modernizaci\u00f3n"},"content":{"rendered":"","protected":false},"excerpt":{"rendered":"","protected":false},"author":1,"featured_media":0,"parent":0,"menu_order":0,"comment_status":"closed","ping_status":"closed","template":"","meta":{"footnotes":""},"class_list":["post-7876","page","type-page","status-publish","hentry"],"yoast_head":"<!-- This site is optimized with the Yoast SEO plugin v27.4 - https:\/\/yoast.com\/product\/yoast-seo-wordpress\/ -->\n<title>Modernizaci\u00f3n de ascensores en Barcelona | ASPRAT Ascensores<\/title>\n<meta name=\"description\" content=\"ASPRAT: \u00a1Ascensores con mucha vida! Instalaci\u00f3n, reparaci\u00f3n y mantenimiento de ascensores, homelifts, montacargas y salvaescaleras | Modernizaci\u00f3n de ascensores en Barcelona\" \/>\n<meta name=\"robots\" content=\"index, follow, max-snippet:-1, max-image-preview:large, max-video-preview:-1\" \/>\n<link rel=\"canonical\" href=\"https:\/\/www.asprat.com\/es\/modernizacion-ascensores-barcelona\/\" \/>\n<meta property=\"og:locale\" content=\"es_ES\" \/>\n<meta property=\"og:type\" content=\"article\" \/>\n<meta property=\"og:title\" content=\"Modernizaci\u00f3n de ascensores en Barcelona | ASPRAT Ascensores\" \/>\n<meta property=\"og:description\" content=\"ASPRAT: \u00a1Ascensores con mucha vida! Instalaci\u00f3n, reparaci\u00f3n y mantenimiento de ascensores, homelifts, montacargas y salvaescaleras | Modernizaci\u00f3n de ascensores en Barcelona\" \/>\n<meta property=\"og:url\" content=\"https:\/\/www.asprat.com\/es\/modernizacion-ascensores-barcelona\/\" \/>\n<meta property=\"og:site_name\" content=\"ASPRAT\" \/>\n<meta property=\"article:modified_time\" content=\"2021-06-07T07:05:30+00:00\" \/>\n<meta name=\"twitter:card\" content=\"summary_large_image\" \/>\n<script type=\"application\/ld+json\" class=\"yoast-schema-graph\">{\"@context\":\"https:\\\/\\\/schema.org\",\"@graph\":[{\"@type\":\"WebPage\",\"@id\":\"https:\\\/\\\/www.asprat.com\\\/es\\\/modernizacion-ascensores-barcelona\\\/\",\"url\":\"https:\\\/\\\/www.asprat.com\\\/es\\\/modernizacion-ascensores-barcelona\\\/\",\"name\":\"Modernizaci\u00f3n de ascensores en Barcelona | ASPRAT Ascensores\",\"isPartOf\":{\"@id\":\"https:\\\/\\\/www.asprat.com\\\/#website\"},\"datePublished\":\"2021-05-05T16:13:28+00:00\",\"dateModified\":\"2021-06-07T07:05:30+00:00\",\"description\":\"ASPRAT: \u00a1Ascensores con mucha vida! Instalaci\u00f3n, reparaci\u00f3n y mantenimiento de ascensores, homelifts, montacargas y salvaescaleras | Modernizaci\u00f3n de ascensores en Barcelona\",\"breadcrumb\":{\"@id\":\"https:\\\/\\\/www.asprat.com\\\/es\\\/modernizacion-ascensores-barcelona\\\/#breadcrumb\"},\"inLanguage\":\"es\",\"potentialAction\":[{\"@type\":\"ReadAction\",\"target\":[\"https:\\\/\\\/www.asprat.com\\\/es\\\/modernizacion-ascensores-barcelona\\\/\"]}]},{\"@type\":\"BreadcrumbList\",\"@id\":\"https:\\\/\\\/www.asprat.com\\\/es\\\/modernizacion-ascensores-barcelona\\\/#breadcrumb\",\"itemListElement\":[{\"@type\":\"ListItem\",\"position\":1,\"name\":\"Inici\",\"item\":\"https:\\\/\\\/www.asprat.com\\\/es\\\/\"},{\"@type\":\"ListItem\",\"position\":2,\"name\":\"Modernizaci\u00f3n\"}]},{\"@type\":\"WebSite\",\"@id\":\"https:\\\/\\\/www.asprat.com\\\/#website\",\"url\":\"https:\\\/\\\/www.asprat.com\\\/\",\"name\":\"ASPRAT\",\"description\":\"Ascensors amb molta vida!\",\"potentialAction\":[{\"@type\":\"SearchAction\",\"target\":{\"@type\":\"EntryPoint\",\"urlTemplate\":\"https:\\\/\\\/www.asprat.com\\\/?s={search_term_string}\"},\"query-input\":{\"@type\":\"PropertyValueSpecification\",\"valueRequired\":true,\"valueName\":\"search_term_string\"}}],\"inLanguage\":\"es\"}]}<\/script>\n<!-- \/ Yoast SEO plugin. -->","yoast_head_json":{"title":"Modernizaci\u00f3n de ascensores en Barcelona | ASPRAT Ascensores","description":"ASPRAT: \u00a1Ascensores con mucha vida! Instalaci\u00f3n, reparaci\u00f3n y mantenimiento de ascensores, homelifts, montacargas y salvaescaleras | Modernizaci\u00f3n de ascensores en Barcelona","robots":{"index":"index","follow":"follow","max-snippet":"max-snippet:-1","max-image-preview":"max-image-preview:large","max-video-preview":"max-video-preview:-1"},"canonical":"https:\/\/www.asprat.com\/es\/modernizacion-ascensores-barcelona\/","og_locale":"es_ES","og_type":"article","og_title":"Modernizaci\u00f3n de ascensores en Barcelona | ASPRAT Ascensores","og_description":"ASPRAT: \u00a1Ascensores con mucha vida! Instalaci\u00f3n, reparaci\u00f3n y mantenimiento de ascensores, homelifts, montacargas y salvaescaleras | Modernizaci\u00f3n de ascensores en Barcelona","og_url":"https:\/\/www.asprat.com\/es\/modernizacion-ascensores-barcelona\/","og_site_name":"ASPRAT","article_modified_time":"2021-06-07T07:05:30+00:00","twitter_card":"summary_large_image","schema":{"@context":"https:\/\/schema.org","@graph":[{"@type":"WebPage","@id":"https:\/\/www.asprat.com\/es\/modernizacion-ascensores-barcelona\/","url":"https:\/\/www.asprat.com\/es\/modernizacion-ascensores-barcelona\/","name":"Modernizaci\u00f3n de ascensores en Barcelona | ASPRAT Ascensores","isPartOf":{"@id":"https:\/\/www.asprat.com\/#website"},"datePublished":"2021-05-05T16:13:28+00:00","dateModified":"2021-06-07T07:05:30+00:00","description":"ASPRAT: \u00a1Ascensores con mucha vida! Instalaci\u00f3n, reparaci\u00f3n y mantenimiento de ascensores, homelifts, montacargas y salvaescaleras | Modernizaci\u00f3n de ascensores en Barcelona","breadcrumb":{"@id":"https:\/\/www.asprat.com\/es\/modernizacion-ascensores-barcelona\/#breadcrumb"},"inLanguage":"es","potentialAction":[{"@type":"ReadAction","target":["https:\/\/www.asprat.com\/es\/modernizacion-ascensores-barcelona\/"]}]},{"@type":"BreadcrumbList","@id":"https:\/\/www.asprat.com\/es\/modernizacion-ascensores-barcelona\/#breadcrumb","itemListElement":[{"@type":"ListItem","position":1,"name":"Inici","item":"https:\/\/www.asprat.com\/es\/"},{"@type":"ListItem","position":2,"name":"Modernizaci\u00f3n"}]},{"@type":"WebSite","@id":"https:\/\/www.asprat.com\/#website","url":"https:\/\/www.asprat.com\/","name":"ASPRAT","description":"Ascensors amb molta vida!","potentialAction":[{"@type":"SearchAction","target":{"@type":"EntryPoint","urlTemplate":"https:\/\/www.asprat.com\/?s={search_term_string}"},"query-input":{"@type":"PropertyValueSpecification","valueRequired":true,"valueName":"search_term_string"}}],"inLanguage":"es"}]}},"_links":{"self":[{"href":"https:\/\/www.asprat.com\/es\/wp-json\/wp\/v2\/pages\/7876","targetHints":{"allow":["GET"]}}],"collection":[{"href":"https:\/\/www.asprat.com\/es\/wp-json\/wp\/v2\/pages"}],"about":[{"href":"https:\/\/www.asprat.com\/es\/wp-json\/wp\/v2\/types\/page"}],"author":[{"embeddable":true,"href":"https:\/\/www.asprat.com\/es\/wp-json\/wp\/v2\/users\/1"}],"replies":[{"embeddable":true,"href":"https:\/\/www.asprat.com\/es\/wp-json\/wp\/v2\/comments?post=7876"}],"version-history":[{"count":5,"href":"https:\/\/www.asprat.com\/es\/wp-json\/wp\/v2\/pages\/7876\/revisions"}],"predecessor-version":[{"id":8060,"href":"https:\/\/www.asprat.com\/es\/wp-json\/wp\/v2\/pages\/7876\/revisions\/8060"}],"wp:attachment":[{"href":"https:\/\/www.asprat.com\/es\/wp-json\/wp\/v2\/media?parent=7876"}],"curies":[{"name":"wp","href":"https:\/\/api.w.org\/{rel}","templated":true}]}}