{"id":7816,"date":"2016-06-11T14:25:44","date_gmt":"2016-06-11T14:25:44","guid":{"rendered":"https:\/\/www.asprat.com\/installacio-ascensors-barcelona\/"},"modified":"2024-07-15T12:14:59","modified_gmt":"2024-07-15T10:14:59","slug":"installacio-ascensors-barcelona","status":"publish","type":"page","link":"https:\/\/www.asprat.com\/es\/","title":{"rendered":"Inicio"},"content":{"rendered":"","protected":false},"excerpt":{"rendered":"","protected":false},"author":1,"featured_media":0,"parent":0,"menu_order":0,"comment_status":"closed","ping_status":"closed","template":"","meta":{"footnotes":""},"class_list":["post-7816","page","type-page","status-publish","hentry"],"yoast_head":"<!-- This site is optimized with the Yoast SEO plugin v27.4 - https:\/\/yoast.com\/product\/yoast-seo-wordpress\/ -->\n<title>Instalaci\u00f3n de ascensores en Barcelona | ASPRAT Ascensores<\/title>\n<meta name=\"description\" content=\"ASPRAT: \u00a1Ascensores con mucha vida! Instalaci\u00f3n, reparaci\u00f3n y mantenimiento de ascensores, homelifts, montacargas y salvaescaleras | Instalaci\u00f3n de ascensores en Barcelona\" \/>\n<meta name=\"robots\" content=\"index, follow, max-snippet:-1, max-image-preview:large, max-video-preview:-1\" \/>\n<link rel=\"canonical\" href=\"https:\/\/www.asprat.com\/es\/\" \/>\n<meta property=\"og:locale\" content=\"es_ES\" \/>\n<meta property=\"og:type\" content=\"article\" \/>\n<meta property=\"og:title\" content=\"Instalaci\u00f3n de ascensores en Barcelona | ASPRAT Ascensores\" \/>\n<meta property=\"og:description\" content=\"ASPRAT: \u00a1Ascensores con mucha vida! Instalaci\u00f3n, reparaci\u00f3n y mantenimiento de ascensores, homelifts, montacargas y salvaescaleras | Instalaci\u00f3n de ascensores en Barcelona\" \/>\n<meta property=\"og:url\" content=\"https:\/\/www.asprat.com\/es\/\" \/>\n<meta property=\"og:site_name\" content=\"ASPRAT\" \/>\n<meta property=\"article:modified_time\" content=\"2024-07-15T10:14:59+00:00\" \/>\n<meta name=\"twitter:card\" content=\"summary_large_image\" \/>\n<meta name=\"twitter:label1\" content=\"Tiempo de lectura\" \/>\n\t<meta name=\"twitter:data1\" content=\"6 minutos\" \/>\n<script type=\"application\/ld+json\" class=\"yoast-schema-graph\">{\"@context\":\"https:\\\/\\\/schema.org\",\"@graph\":[{\"@type\":\"WebPage\",\"@id\":\"https:\\\/\\\/www.asprat.com\\\/es\\\/\",\"url\":\"https:\\\/\\\/www.asprat.com\\\/es\\\/\",\"name\":\"Instalaci\u00f3n de ascensores en Barcelona | ASPRAT Ascensores\",\"isPartOf\":{\"@id\":\"https:\\\/\\\/www.asprat.com\\\/#website\"},\"datePublished\":\"2016-06-11T14:25:44+00:00\",\"dateModified\":\"2024-07-15T10:14:59+00:00\",\"description\":\"ASPRAT: \u00a1Ascensores con mucha vida! Instalaci\u00f3n, reparaci\u00f3n y mantenimiento de ascensores, homelifts, montacargas y salvaescaleras | Instalaci\u00f3n de ascensores en Barcelona\",\"breadcrumb\":{\"@id\":\"https:\\\/\\\/www.asprat.com\\\/es\\\/#breadcrumb\"},\"inLanguage\":\"es\",\"potentialAction\":[{\"@type\":\"ReadAction\",\"target\":[\"https:\\\/\\\/www.asprat.com\\\/es\\\/\"]}]},{\"@type\":\"BreadcrumbList\",\"@id\":\"https:\\\/\\\/www.asprat.com\\\/es\\\/#breadcrumb\",\"itemListElement\":[{\"@type\":\"ListItem\",\"position\":1,\"name\":\"Inici\",\"item\":\"https:\\\/\\\/www.asprat.com\\\/es\\\/\"},{\"@type\":\"ListItem\",\"position\":2,\"name\":\"Inicio\"}]},{\"@type\":\"WebSite\",\"@id\":\"https:\\\/\\\/www.asprat.com\\\/#website\",\"url\":\"https:\\\/\\\/www.asprat.com\\\/\",\"name\":\"ASPRAT\",\"description\":\"Ascensors amb molta vida!\",\"potentialAction\":[{\"@type\":\"SearchAction\",\"target\":{\"@type\":\"EntryPoint\",\"urlTemplate\":\"https:\\\/\\\/www.asprat.com\\\/?s={search_term_string}\"},\"query-input\":{\"@type\":\"PropertyValueSpecification\",\"valueRequired\":true,\"valueName\":\"search_term_string\"}}],\"inLanguage\":\"es\"}]}<\/script>\n<!-- \/ Yoast SEO plugin. -->","yoast_head_json":{"title":"Instalaci\u00f3n de ascensores en Barcelona | ASPRAT Ascensores","description":"ASPRAT: \u00a1Ascensores con mucha vida! Instalaci\u00f3n, reparaci\u00f3n y mantenimiento de ascensores, homelifts, montacargas y salvaescaleras | Instalaci\u00f3n de ascensores en Barcelona","robots":{"index":"index","follow":"follow","max-snippet":"max-snippet:-1","max-image-preview":"max-image-preview:large","max-video-preview":"max-video-preview:-1"},"canonical":"https:\/\/www.asprat.com\/es\/","og_locale":"es_ES","og_type":"article","og_title":"Instalaci\u00f3n de ascensores en Barcelona | ASPRAT Ascensores","og_description":"ASPRAT: \u00a1Ascensores con mucha vida! Instalaci\u00f3n, reparaci\u00f3n y mantenimiento de ascensores, homelifts, montacargas y salvaescaleras | Instalaci\u00f3n de ascensores en Barcelona","og_url":"https:\/\/www.asprat.com\/es\/","og_site_name":"ASPRAT","article_modified_time":"2024-07-15T10:14:59+00:00","twitter_card":"summary_large_image","twitter_misc":{"Tiempo de lectura":"6 minutos"},"schema":{"@context":"https:\/\/schema.org","@graph":[{"@type":"WebPage","@id":"https:\/\/www.asprat.com\/es\/","url":"https:\/\/www.asprat.com\/es\/","name":"Instalaci\u00f3n de ascensores en Barcelona | ASPRAT Ascensores","isPartOf":{"@id":"https:\/\/www.asprat.com\/#website"},"datePublished":"2016-06-11T14:25:44+00:00","dateModified":"2024-07-15T10:14:59+00:00","description":"ASPRAT: \u00a1Ascensores con mucha vida! Instalaci\u00f3n, reparaci\u00f3n y mantenimiento de ascensores, homelifts, montacargas y salvaescaleras | Instalaci\u00f3n de ascensores en Barcelona","breadcrumb":{"@id":"https:\/\/www.asprat.com\/es\/#breadcrumb"},"inLanguage":"es","potentialAction":[{"@type":"ReadAction","target":["https:\/\/www.asprat.com\/es\/"]}]},{"@type":"BreadcrumbList","@id":"https:\/\/www.asprat.com\/es\/#breadcrumb","itemListElement":[{"@type":"ListItem","position":1,"name":"Inici","item":"https:\/\/www.asprat.com\/es\/"},{"@type":"ListItem","position":2,"name":"Inicio"}]},{"@type":"WebSite","@id":"https:\/\/www.asprat.com\/#website","url":"https:\/\/www.asprat.com\/","name":"ASPRAT","description":"Ascensors amb molta vida!","potentialAction":[{"@type":"SearchAction","target":{"@type":"EntryPoint","urlTemplate":"https:\/\/www.asprat.com\/?s={search_term_string}"},"query-input":{"@type":"PropertyValueSpecification","valueRequired":true,"valueName":"search_term_string"}}],"inLanguage":"es"}]}},"_links":{"self":[{"href":"https:\/\/www.asprat.com\/es\/wp-json\/wp\/v2\/pages\/7816","targetHints":{"allow":["GET"]}}],"collection":[{"href":"https:\/\/www.asprat.com\/es\/wp-json\/wp\/v2\/pages"}],"about":[{"href":"https:\/\/www.asprat.com\/es\/wp-json\/wp\/v2\/types\/page"}],"author":[{"embeddable":true,"href":"https:\/\/www.asprat.com\/es\/wp-json\/wp\/v2\/users\/1"}],"replies":[{"embeddable":true,"href":"https:\/\/www.asprat.com\/es\/wp-json\/wp\/v2\/comments?post=7816"}],"version-history":[{"count":5,"href":"https:\/\/www.asprat.com\/es\/wp-json\/wp\/v2\/pages\/7816\/revisions"}],"predecessor-version":[{"id":8197,"href":"https:\/\/www.asprat.com\/es\/wp-json\/wp\/v2\/pages\/7816\/revisions\/8197"}],"wp:attachment":[{"href":"https:\/\/www.asprat.com\/es\/wp-json\/wp\/v2\/media?parent=7816"}],"curies":[{"name":"wp","href":"https:\/\/api.w.org\/{rel}","templated":true}]}}